{"id":1000,"date":"2023-04-13T18:48:46","date_gmt":"2023-04-13T18:48:46","guid":{"rendered":"https:\/\/hbotxzurich.ch\/https-epigenixzuerich-ch\/"},"modified":"2024-09-05T12:12:47","modified_gmt":"2024-09-05T12:12:47","slug":"https-epigenixzuerich-ch","status":"publish","type":"page","link":"https:\/\/hbotxzuerich.ch\/en\/","title":{"rendered":"Homepage"},"content":{"rendered":"","protected":false},"excerpt":{"rendered":"","protected":false},"author":1,"featured_media":0,"parent":0,"menu_order":7,"comment_status":"closed","ping_status":"closed","template":"","meta":{"_acf_changed":false,"footnotes":""},"class_list":["post-1000","page","type-page","status-publish","hentry"],"acf":[],"yoast_head":"<!-- This site is optimized with the Yoast SEO plugin v23.0 - https:\/\/yoast.com\/wordpress\/plugins\/seo\/ -->\n<title>epigeniXzuerich - Metabolische und bioregulative Medizin<\/title>\n<meta name=\"description\" content=\"epigeniXz\u00fcrich ist Ihre wissenschaftsgetriebene Praxis f\u00fcr metabolische und bioregulative Medizin. Auf dem neuesten Stand der Wissenschaft und Medizintechnik sind wir Ihre Experten f\u00fcr metabolische und bioregulatorische Medizin sowie Biohacking. Wir verstehen Krankheitssymptome als Hinweis auf ein biologisches Ungleichgewicht. Unsere Ans\u00e4tze zielen darauf ab, die Ursachen der Symptome zu identifizieren und durch Interventionen das innere und \u00e4ussere biologische \u00d6kosystem wieder ins Gleichgewicht zu bringen.\" \/>\n<meta name=\"robots\" content=\"noindex, follow, max-snippet:-1, max-image-preview:large, max-video-preview:-1\" \/>\n<meta property=\"og:locale\" content=\"en_US\" \/>\n<meta property=\"og:type\" content=\"article\" \/>\n<meta property=\"og:title\" content=\"epigeniXzuerich - Metabolische und bioregulative Medizin\" \/>\n<meta property=\"og:description\" content=\"epigeniXz\u00fcrich ist Ihre wissenschaftsgetriebene Praxis f\u00fcr metabolische und bioregulative Medizin. Auf dem neuesten Stand der Wissenschaft und Medizintechnik sind wir Ihre Experten f\u00fcr metabolische und bioregulatorische Medizin sowie Biohacking. Wir verstehen Krankheitssymptome als Hinweis auf ein biologisches Ungleichgewicht. Unsere Ans\u00e4tze zielen darauf ab, die Ursachen der Symptome zu identifizieren und durch Interventionen das innere und \u00e4ussere biologische \u00d6kosystem wieder ins Gleichgewicht zu bringen.\" \/>\n<meta property=\"og:url\" content=\"https:\/\/hbotxzuerich.ch\/en\/\" \/>\n<meta property=\"og:site_name\" content=\"hbotXz\u00fcrich\" \/>\n<meta property=\"article:modified_time\" content=\"2024-09-05T12:12:47+00:00\" \/>\n<meta name=\"twitter:card\" content=\"summary_large_image\" \/>\n<meta name=\"twitter:label1\" content=\"Est. reading time\" \/>\n\t<meta name=\"twitter:data1\" content=\"5 minutes\" \/>\n<script type=\"application\/ld+json\" class=\"yoast-schema-graph\">{\"@context\":\"https:\/\/schema.org\",\"@graph\":[{\"@type\":\"WebPage\",\"@id\":\"https:\/\/hbotxzuerich.ch\/en\/\",\"url\":\"https:\/\/hbotxzuerich.ch\/en\/\",\"name\":\"epigeniXzuerich - Metabolische und bioregulative Medizin\",\"isPartOf\":{\"@id\":\"https:\/\/hbotxzuerich.ch\/en\/#website\"},\"datePublished\":\"2023-04-13T18:48:46+00:00\",\"dateModified\":\"2024-09-05T12:12:47+00:00\",\"description\":\"epigeniXz\u00fcrich ist Ihre wissenschaftsgetriebene Praxis f\u00fcr metabolische und bioregulative Medizin. Auf dem neuesten Stand der Wissenschaft und Medizintechnik sind wir Ihre Experten f\u00fcr metabolische und bioregulatorische Medizin sowie Biohacking. Wir verstehen Krankheitssymptome als Hinweis auf ein biologisches Ungleichgewicht. Unsere Ans\u00e4tze zielen darauf ab, die Ursachen der Symptome zu identifizieren und durch Interventionen das innere und \u00e4ussere biologische \u00d6kosystem wieder ins Gleichgewicht zu bringen.\",\"breadcrumb\":{\"@id\":\"https:\/\/hbotxzuerich.ch\/en\/#breadcrumb\"},\"inLanguage\":\"en-US\",\"potentialAction\":[{\"@type\":\"ReadAction\",\"target\":[\"https:\/\/hbotxzuerich.ch\/en\/\"]}]},{\"@type\":\"BreadcrumbList\",\"@id\":\"https:\/\/hbotxzuerich.ch\/en\/#breadcrumb\",\"itemListElement\":[{\"@type\":\"ListItem\",\"position\":1,\"name\":\"Home\",\"item\":\"https:\/\/hbotxzuerich.ch\/en\/\"},{\"@type\":\"ListItem\",\"position\":2,\"name\":\"Homepage\"}]},{\"@type\":\"WebSite\",\"@id\":\"https:\/\/hbotxzuerich.ch\/en\/#website\",\"url\":\"https:\/\/hbotxzuerich.ch\/en\/\",\"name\":\"hbotXz\u00fcrich\",\"description\":\"Metabolische und bioregulative Medizin\",\"alternateName\":\"Metabolische und bioregulative Medizin\",\"potentialAction\":[{\"@type\":\"SearchAction\",\"target\":{\"@type\":\"EntryPoint\",\"urlTemplate\":\"https:\/\/hbotxzuerich.ch\/en\/?s={search_term_string}\"},\"query-input\":\"required name=search_term_string\"}],\"inLanguage\":\"en-US\"}]}<\/script>\n<!-- \/ Yoast SEO plugin. -->","yoast_head_json":{"title":"epigeniXzuerich - Metabolische und bioregulative Medizin","description":"epigeniXz\u00fcrich ist Ihre wissenschaftsgetriebene Praxis f\u00fcr metabolische und bioregulative Medizin. Auf dem neuesten Stand der Wissenschaft und Medizintechnik sind wir Ihre Experten f\u00fcr metabolische und bioregulatorische Medizin sowie Biohacking. Wir verstehen Krankheitssymptome als Hinweis auf ein biologisches Ungleichgewicht. Unsere Ans\u00e4tze zielen darauf ab, die Ursachen der Symptome zu identifizieren und durch Interventionen das innere und \u00e4ussere biologische \u00d6kosystem wieder ins Gleichgewicht zu bringen.","robots":{"index":"noindex","follow":"follow","max-snippet":"max-snippet:-1","max-image-preview":"max-image-preview:large","max-video-preview":"max-video-preview:-1"},"og_locale":"en_US","og_type":"article","og_title":"epigeniXzuerich - Metabolische und bioregulative Medizin","og_description":"epigeniXz\u00fcrich ist Ihre wissenschaftsgetriebene Praxis f\u00fcr metabolische und bioregulative Medizin. Auf dem neuesten Stand der Wissenschaft und Medizintechnik sind wir Ihre Experten f\u00fcr metabolische und bioregulatorische Medizin sowie Biohacking. Wir verstehen Krankheitssymptome als Hinweis auf ein biologisches Ungleichgewicht. Unsere Ans\u00e4tze zielen darauf ab, die Ursachen der Symptome zu identifizieren und durch Interventionen das innere und \u00e4ussere biologische \u00d6kosystem wieder ins Gleichgewicht zu bringen.","og_url":"https:\/\/hbotxzuerich.ch\/en\/","og_site_name":"hbotXz\u00fcrich","article_modified_time":"2024-09-05T12:12:47+00:00","twitter_card":"summary_large_image","twitter_misc":{"Est. reading time":"5 minutes"},"schema":{"@context":"https:\/\/schema.org","@graph":[{"@type":"WebPage","@id":"https:\/\/hbotxzuerich.ch\/en\/","url":"https:\/\/hbotxzuerich.ch\/en\/","name":"epigeniXzuerich - Metabolische und bioregulative Medizin","isPartOf":{"@id":"https:\/\/hbotxzuerich.ch\/en\/#website"},"datePublished":"2023-04-13T18:48:46+00:00","dateModified":"2024-09-05T12:12:47+00:00","description":"epigeniXz\u00fcrich ist Ihre wissenschaftsgetriebene Praxis f\u00fcr metabolische und bioregulative Medizin. Auf dem neuesten Stand der Wissenschaft und Medizintechnik sind wir Ihre Experten f\u00fcr metabolische und bioregulatorische Medizin sowie Biohacking. Wir verstehen Krankheitssymptome als Hinweis auf ein biologisches Ungleichgewicht. Unsere Ans\u00e4tze zielen darauf ab, die Ursachen der Symptome zu identifizieren und durch Interventionen das innere und \u00e4ussere biologische \u00d6kosystem wieder ins Gleichgewicht zu bringen.","breadcrumb":{"@id":"https:\/\/hbotxzuerich.ch\/en\/#breadcrumb"},"inLanguage":"en-US","potentialAction":[{"@type":"ReadAction","target":["https:\/\/hbotxzuerich.ch\/en\/"]}]},{"@type":"BreadcrumbList","@id":"https:\/\/hbotxzuerich.ch\/en\/#breadcrumb","itemListElement":[{"@type":"ListItem","position":1,"name":"Home","item":"https:\/\/hbotxzuerich.ch\/en\/"},{"@type":"ListItem","position":2,"name":"Homepage"}]},{"@type":"WebSite","@id":"https:\/\/hbotxzuerich.ch\/en\/#website","url":"https:\/\/hbotxzuerich.ch\/en\/","name":"hbotXz\u00fcrich","description":"Metabolische und bioregulative Medizin","alternateName":"Metabolische und bioregulative Medizin","potentialAction":[{"@type":"SearchAction","target":{"@type":"EntryPoint","urlTemplate":"https:\/\/hbotxzuerich.ch\/en\/?s={search_term_string}"},"query-input":"required name=search_term_string"}],"inLanguage":"en-US"}]}},"_links":{"self":[{"href":"https:\/\/hbotxzuerich.ch\/en\/wp-json\/wp\/v2\/pages\/1000"}],"collection":[{"href":"https:\/\/hbotxzuerich.ch\/en\/wp-json\/wp\/v2\/pages"}],"about":[{"href":"https:\/\/hbotxzuerich.ch\/en\/wp-json\/wp\/v2\/types\/page"}],"author":[{"embeddable":true,"href":"https:\/\/hbotxzuerich.ch\/en\/wp-json\/wp\/v2\/users\/1"}],"replies":[{"embeddable":true,"href":"https:\/\/hbotxzuerich.ch\/en\/wp-json\/wp\/v2\/comments?post=1000"}],"version-history":[{"count":40,"href":"https:\/\/hbotxzuerich.ch\/en\/wp-json\/wp\/v2\/pages\/1000\/revisions"}],"predecessor-version":[{"id":1274,"href":"https:\/\/hbotxzuerich.ch\/en\/wp-json\/wp\/v2\/pages\/1000\/revisions\/1274"}],"wp:attachment":[{"href":"https:\/\/hbotxzuerich.ch\/en\/wp-json\/wp\/v2\/media?parent=1000"}],"curies":[{"name":"wp","href":"https:\/\/api.w.org\/{rel}","templated":true}]}}